{"id":8,"date":"2015-07-10T13:47:54","date_gmt":"2015-07-10T13:47:54","guid":{"rendered":"http:\/\/lonera-sanjavier.com.ar\/?page_id=8"},"modified":"2021-10-29T19:59:04","modified_gmt":"2021-10-29T19:59:04","slug":"institucional","status":"publish","type":"page","link":"https:\/\/lonerasanjavier.com.ar\/?page_id=8","title":{"rendered":"EMPRESA"},"content":{"rendered":"<p>Somos una Empresa con m\u00e1s de 40 A\u00f1os de Antig\u00fcedad en el mercado, fundada en 1980 por Alberto Edison Fern\u00e1ndez.<\/p>\n<p>Nos dedicamos a la confecci\u00f3n, venta, colocaci\u00f3n y reparaci\u00f3n de lonas para transportes, agro, industrias, miner\u00eda, toldos, cerramientos, piletas, publicidad y otros.<\/p>\n<p>Utilizamos telas vin\u00edlicas y acr\u00edlicas como tambi\u00e9n tejidos media sombra, tela calada o microperforada, tela tipo rafial\u00f3n y otros diferentes tejidos.<\/p>\n<p>Contamos con taller de confecci\u00f3n y reparaci\u00f3n con moderna maquinaria y personal especializado.<\/p>\n","protected":false},"excerpt":{"rendered":"<p>Somos una Empresa con m\u00e1s de 40 A\u00f1os de Antig\u00fcedad en el mercado, fundada en 1980 por Alberto Edison Fern\u00e1ndez. Nos dedicamos a la confecci\u00f3n, venta, colocaci\u00f3n y reparaci\u00f3n de lonas para transportes, agro, industrias, miner\u00eda, toldos, cerramientos, piletas, publicidad &hellip; <a href=\"https:\/\/lonerasanjavier.com.ar\/?page_id=8\">Continuar<\/a><\/p>\n","protected":false},"author":1,"featured_media":0,"parent":0,"menu_order":0,"comment_status":"closed","ping_status":"closed","template":"page-fullwidth.php","meta":{"_joinchat":[]},"_links":{"self":[{"href":"https:\/\/lonerasanjavier.com.ar\/index.php?rest_route=\/wp\/v2\/pages\/8"}],"collection":[{"href":"https:\/\/lonerasanjavier.com.ar\/index.php?rest_route=\/wp\/v2\/pages"}],"about":[{"href":"https:\/\/lonerasanjavier.com.ar\/index.php?rest_route=\/wp\/v2\/types\/page"}],"author":[{"embeddable":true,"href":"https:\/\/lonerasanjavier.com.ar\/index.php?rest_route=\/wp\/v2\/users\/1"}],"replies":[{"embeddable":true,"href":"https:\/\/lonerasanjavier.com.ar\/index.php?rest_route=%2Fwp%2Fv2%2Fcomments&post=8"}],"version-history":[{"count":1,"href":"https:\/\/lonerasanjavier.com.ar\/index.php?rest_route=\/wp\/v2\/pages\/8\/revisions"}],"predecessor-version":[{"id":819,"href":"https:\/\/lonerasanjavier.com.ar\/index.php?rest_route=\/wp\/v2\/pages\/8\/revisions\/819"}],"wp:attachment":[{"href":"https:\/\/lonerasanjavier.com.ar\/index.php?rest_route=%2Fwp%2Fv2%2Fmedia&parent=8"}],"curies":[{"name":"wp","href":"https:\/\/api.w.org\/{rel}","templated":true}]}}